{"id":25,"date":"2014-11-05T13:36:23","date_gmt":"2014-11-05T13:36:23","guid":{"rendered":"http:\/\/www.hesselstedt.se\/bok2014\/?page_id=25"},"modified":"2016-02-20T15:11:48","modified_gmt":"2016-02-20T15:11:48","slug":"kopa-boken","status":"publish","type":"page","link":"http:\/\/www.hesselstedt.se\/bok2014\/kopa-boken\/","title":{"rendered":"K\u00f6pa b\u00f6cker"},"content":{"rendered":"<p>Ni kan k\u00f6pa mina b\u00f6cker h\u00e4r!<br \/>\n<a href=\"https:\/\/widget.publit.com\/bokforlaget-dronten_1282#\/grid\">K\u00f6p h\u00e4r via dator och mobil!<\/a><br \/>\nKlicka\u00a0p\u00e5 priset.\u00a0D\u00e4refter p\u00e5 varukorgen uppe i h\u00f6gra h\u00f6rnet. Sedan kommer en m\u00f6jlighet att \u00e4ndra till fler \u00e4n en bok. Sedan \u00e4r det bara att g\u00e5 vidare &#8221;Till betalning&#8221;.<\/p>\n<p>Boken kommer ocks\u00e5 finnas att k\u00f6pa p\u00e5 Folkets Hus i Skoghall, samt biblioteket d\u00e4r. Inom kort skall vi ocks\u00e5 f\u00e5 in den i bokhandlarna i Karlstad.<\/p>\n<p>&nbsp;<\/p>\n","protected":false},"excerpt":{"rendered":"<p>Ni kan k\u00f6pa mina b\u00f6cker h\u00e4r! K\u00f6p h\u00e4r via dator och mobil! Klicka\u00a0p\u00e5 priset.\u00a0D\u00e4refter p\u00e5 varukorgen uppe i h\u00f6gra h\u00f6rnet. Sedan kommer en m\u00f6jlighet att \u00e4ndra till fler \u00e4n en bok. Sedan \u00e4r det bara att g\u00e5 vidare &#8221;Till betalning&#8221;. &hellip; <a href=\"http:\/\/www.hesselstedt.se\/bok2014\/kopa-boken\/\">Forts\u00e4tt l\u00e4sa <span class=\"meta-nav\">&rarr;<\/span><\/a><\/p>\n","protected":false},"author":1,"featured_media":0,"parent":0,"menu_order":0,"comment_status":"closed","ping_status":"closed","template":"","meta":[],"_links":{"self":[{"href":"http:\/\/www.hesselstedt.se\/bok2014\/wp-json\/wp\/v2\/pages\/25"}],"collection":[{"href":"http:\/\/www.hesselstedt.se\/bok2014\/wp-json\/wp\/v2\/pages"}],"about":[{"href":"http:\/\/www.hesselstedt.se\/bok2014\/wp-json\/wp\/v2\/types\/page"}],"author":[{"embeddable":true,"href":"http:\/\/www.hesselstedt.se\/bok2014\/wp-json\/wp\/v2\/users\/1"}],"replies":[{"embeddable":true,"href":"http:\/\/www.hesselstedt.se\/bok2014\/wp-json\/wp\/v2\/comments?post=25"}],"version-history":[{"count":30,"href":"http:\/\/www.hesselstedt.se\/bok2014\/wp-json\/wp\/v2\/pages\/25\/revisions"}],"predecessor-version":[{"id":190,"href":"http:\/\/www.hesselstedt.se\/bok2014\/wp-json\/wp\/v2\/pages\/25\/revisions\/190"}],"wp:attachment":[{"href":"http:\/\/www.hesselstedt.se\/bok2014\/wp-json\/wp\/v2\/media?parent=25"}],"curies":[{"name":"wp","href":"https:\/\/api.w.org\/{rel}","templated":true}]}}