{"id":30,"date":"2014-11-06T12:15:28","date_gmt":"2014-11-06T12:15:28","guid":{"rendered":"http:\/\/www.hesselstedt.se\/bok2014\/?page_id=30"},"modified":"2014-12-02T09:38:03","modified_gmt":"2014-12-02T09:38:03","slug":"det-har-ar-bokens-inledning","status":"publish","type":"page","link":"http:\/\/www.hesselstedt.se\/bok2014\/det-har-ar-bokens-inledning\/","title":{"rendered":"F\u00f6rtext"},"content":{"rendered":"<p>\u201dInformat\u00f6r p\u00e5 Skoghallsudden\u201d, \u00e4r titeln p\u00e5 denna bok. Platsen \u00e4r Hammar\u00f6ns sydv\u00e4stra h\u00f6rn, ytan \u00e4r obetydlig, men d\u00e4r finns Skoghalls Bruk, fordom Skoghallsverken, eller kort och gott, Fabriken. H\u00e4r har funnits fabriksverksamhet sedan mitten av 1800-talet. Min tid d\u00e4r b\u00f6rjade 1973. Det var d\u00e5 jag fick anst\u00e4llning p\u00e5 V\u00e4stra bruket och hela tiden har jag varit en slags informat\u00f6r i olika sammanhang. Denna bok best\u00e5r av utvalda texter, med viss tonvikt p\u00e5 de senare \u00e5rtiondena.<br \/>\nMina huvudsyssels\u00e4ttningar p\u00e5 fabriken har varit hj\u00e4lprullare, rullare, torkare, maskinf\u00f6rare, skiftoperat\u00f6r, kokare, silare och skiftingenj\u00f6r. De sista 12 \u00e5ren var jag informat\u00f6r \u00e5t bolaget p\u00e5 riktigt och yrkesm\u00e4ssigt. Dessf\u00f6rinnan arbetade jag med information f\u00f6r Pappers Avd 36. Jag har ocks\u00e5 verkat i rollen inom kommunalpolitiken, Kommunal V\u00e4nster, och Vindkraft G\u00e4sslingen Ekonomisk f\u00f6rening.<br \/>\nAtt skriva och att fotografera har under \u00e5ren varit mitt intresse och min omgivning har v\u00e4l sett detta och gett mig uppdrag att g\u00f6ra just det. Texterna i denna bok har tidigare varit publicerade i fackf\u00f6reningsskrifter och personaltidningar och p\u00e5 senare \u00e5r p\u00e5 intran\u00e4tet p\u00e5 bruket. N\u00e5gra \u00e4r nyskrivna.<br \/>\nN\u00e4r jag slutade p\u00e5 bruket, som \u00f6vertalig i en neddragning av antalet anst\u00e4llda, k\u00e4ndes det bra att summera och sammanfatta min tid p\u00e5 bruket p\u00e5 detta s\u00e4tt. Sedan kan jag kanske v\u00e5ga spr\u00e5nget att bli pension\u00e4r eller \u00e5tminstone g\u00f6ra n\u00e5got annat \u00e4n att forts\u00e4tta att l\u00e5ta tankarna kretsa som planeter kring detta bruk p\u00e5 denna lilla udde i V\u00e4nern. Jag har d\u00e4rf\u00f6r g\u00e5tt igenom n\u00e4stan allt jag skrivit under \u00e5ren och valt ut c:a fem procent som skulle kunna passa i en s\u00e5dan h\u00e4r bok.<br \/>\nDet \u00e4r texter om brukets historia (en slags uppf\u00f6ljning p\u00e5 Skoghallstanken kanske, som Mats Lunnemar och jag skrev i b\u00f6rjan av 90-talet), m\u00e5nga personportr\u00e4tt, k\u00e5serier, n\u00e5gra noveller och lite dikter. N\u00e5gra av dikterna har ingen annan anknytning till Skoghalls Bruk \u00e4n att jag skrev dem. L\u00e4saren kan s\u00e4kert k\u00e4nna min vibrerande k\u00e4rlek till m\u00e4nniskorna p\u00e5 bruket. Det \u00e4r meningen; rikedomen hos alla dessa m\u00e4nniskor, deras vardag, intressen och galna uppt\u00e5g \u00e4r ett tema i denna bok, inspiration i sin tur till de uppt\u00e5g jag hittat p\u00e5 alldeles sj\u00e4lv.<br \/>\nEn blandning av allt m\u00f6jligt s\u00e5ledes, men det tror jag \u00e4r modernt nu f\u00f6r tiden.<br \/>\nJag har f\u00f6rst\u00e5s, under \u00e5rens lopp, skrivit om m\u00e5nga fler m\u00e4nniskor som jobbat eller jobbar p\u00e5 Skoghalls Bruk, \u00e4n de som fick plats i boken. Ni som inte kom med hade bara otur eller tur, hur man nu ser p\u00e5 saken. Ni kommer inte heller med n\u00e4sta g\u00e5ng, det blir ingen n\u00e4sta g\u00e5ng.<br \/>\nEfter att ha l\u00e4st den h\u00e4r boken tror jag att de flesta har klart f\u00f6r sig vilken betydelse arbetstidsfr\u00e5gor har haft i den fackliga kampen p\u00e5 bruket: \u201dveckobaserat skiftschema\u201d, \u201d\u00e5retrunt-drift\u201d och \u201dsommarsemester\u201d, snarare \u00e4n rena l\u00f6nefr\u00e5gor har pr\u00e4glat den fackliga diskussionen under alla \u00e5r. En annan viktig facklig fr\u00e5ga har varit \u201dkampen f\u00f6r jobben\u201d, en kamp som varit sv\u00e5r att f\u00f6ra framg\u00e5ngsrikt; antalet anst\u00e4llda minskar \u00e5r efter \u00e5r. Man har nog ocks\u00e5 l\u00e4rt sig vilken betydelse KM8 haft f\u00f6r Hammar\u00f6 och Skoghalls Bruk.<br \/>\nNi kanske ocks\u00e5 t\u00e4nker: \u201dvad l\u00e4tt det var att f\u00e5 jobb p\u00e5 bruket under 60-70-80-talen\u201d. Bruket var en slags social institution d\u00e4r man alltid kunde f\u00e5 jobb och trivdes man s\u00e5 blev man kvar. H\u00e4r kunde man f\u00e5 sin utkomst och kanske ocks\u00e5 kl\u00e4ttra p\u00e5 den interna karri\u00e4rstegen.<br \/>\nJag tror inte det h\u00e4r \u00e4r en bok man str\u00e4ckl\u00e4ser, utan det \u00e4r t\u00e4nkt att man mer bl\u00e4ddrar och l\u00e4ser \u00e4n h\u00e4r och \u00e4n d\u00e4r. Jag tror ocks\u00e5 man har mest beh\u00e5llning av den om man \u00e4r fr\u00e5n Skoghall och i n\u00e5gon m\u00e5n levt sitt liv i n\u00e4rheten av bruket.<br \/>\nKvalit\u00e9n kan s\u00e4kert vara skiftande, stil och intressen ocks\u00e5, men jag har velat ge en bild av de h\u00e4r \u00e5ren och vad som varit viktigt f\u00f6r mig, m\u00e4nniskor jag tr\u00e4ffat och tyckt om och hur jag sj\u00e4lv f\u00f6r\u00e4ndrats.<br \/>\nJag hoppas och tror \u00e4nd\u00e5 att m\u00e5nga p\u00e5 Skoghall kan tycka att det \u00e4r trevligt att hoppa runt p\u00e5 sidorna och k\u00e4nna igen sig i s\u00e5dant man l\u00e4st och inte l\u00e4st f\u00f6rut, om m\u00e4nniskor och h\u00e4ndelser kring denna fabrik som s\u00e5 pr\u00e4glat orten vi lever p\u00e5. Man kan ocks\u00e5 hoppas att n\u00e5gon utombys kan finna det intressant att l\u00e4sa om denna fabrik p\u00e5 en vindpinad halv\u00f6 i V\u00e4nern i det allra s\u00f6draste V\u00e4rmland.<\/p>\n<p>Jan-Olof Hesselstedt h\u00f6sten 2014<\/p>\n","protected":false},"excerpt":{"rendered":"<p>\u201dInformat\u00f6r p\u00e5 Skoghallsudden\u201d, \u00e4r titeln p\u00e5 denna bok. Platsen \u00e4r Hammar\u00f6ns sydv\u00e4stra h\u00f6rn, ytan \u00e4r obetydlig, men d\u00e4r finns Skoghalls Bruk, fordom Skoghallsverken, eller kort och gott, Fabriken. H\u00e4r har funnits fabriksverksamhet sedan mitten av 1800-talet. Min tid d\u00e4r b\u00f6rjade &hellip; <a href=\"http:\/\/www.hesselstedt.se\/bok2014\/det-har-ar-bokens-inledning\/\">Forts\u00e4tt l\u00e4sa <span class=\"meta-nav\">&rarr;<\/span><\/a><\/p>\n","protected":false},"author":1,"featured_media":0,"parent":0,"menu_order":0,"comment_status":"closed","ping_status":"closed","template":"","meta":[],"_links":{"self":[{"href":"http:\/\/www.hesselstedt.se\/bok2014\/wp-json\/wp\/v2\/pages\/30"}],"collection":[{"href":"http:\/\/www.hesselstedt.se\/bok2014\/wp-json\/wp\/v2\/pages"}],"about":[{"href":"http:\/\/www.hesselstedt.se\/bok2014\/wp-json\/wp\/v2\/types\/page"}],"author":[{"embeddable":true,"href":"http:\/\/www.hesselstedt.se\/bok2014\/wp-json\/wp\/v2\/users\/1"}],"replies":[{"embeddable":true,"href":"http:\/\/www.hesselstedt.se\/bok2014\/wp-json\/wp\/v2\/comments?post=30"}],"version-history":[{"count":10,"href":"http:\/\/www.hesselstedt.se\/bok2014\/wp-json\/wp\/v2\/pages\/30\/revisions"}],"predecessor-version":[{"id":105,"href":"http:\/\/www.hesselstedt.se\/bok2014\/wp-json\/wp\/v2\/pages\/30\/revisions\/105"}],"wp:attachment":[{"href":"http:\/\/www.hesselstedt.se\/bok2014\/wp-json\/wp\/v2\/media?parent=30"}],"curies":[{"name":"wp","href":"https:\/\/api.w.org\/{rel}","templated":true}]}}