{"id":34,"date":"2014-11-06T13:06:33","date_gmt":"2014-11-06T13:06:33","guid":{"rendered":"http:\/\/www.hesselstedt.se\/bok2014\/?page_id=34"},"modified":"2014-12-05T13:41:18","modified_gmt":"2014-12-05T13:41:18","slug":"om","status":"publish","type":"page","link":"http:\/\/www.hesselstedt.se\/bok2014\/om\/","title":{"rendered":"Om"},"content":{"rendered":"<p>Jag heter Janne Hesselstedt och har skrivit, layoutat och fixat till en bok. Jag har ett 40-\u00e5rigt arbetsliv bakom mig p\u00e5 Skoghalls Bruk. Under min tid d\u00e4r skrev jag bokens texter i lite olika sammanhang. En del texter i boken \u00e4r nya. Jag har \u00e4gnat ett \u00e5r \u00e5t att gr\u00e4va i s\u00e5dant jag sparat av texter och bilder, leta reda p\u00e5 artiklar, redigera och layouta. Boken ges ut p\u00e5 mitt egen f\u00f6rlag, Bokf\u00f6rlaget Dronten, Skoghall.<br \/>\nSyftet med hemsidan \u00e4r att s\u00e4lja denna bok.<\/p>\n<p>&nbsp;<\/p>\n<div style=\"width:150px; height:250px; overflow:visible; margin:auto;\">\n<script type=\"text\/javascript\" src=\"http:\/\/www.publit.se\/js\/publitwidget-2.0.js\">\n{\n\"id\":1282\n}\n<\/script>\n<\/div>\n","protected":false},"excerpt":{"rendered":"<p>Jag heter Janne Hesselstedt och har skrivit, layoutat och fixat till en bok. Jag har ett 40-\u00e5rigt arbetsliv bakom mig p\u00e5 Skoghalls Bruk. Under min tid d\u00e4r skrev jag bokens texter i lite olika sammanhang. En del texter i boken &hellip; <a href=\"http:\/\/www.hesselstedt.se\/bok2014\/om\/\">Forts\u00e4tt l\u00e4sa <span class=\"meta-nav\">&rarr;<\/span><\/a><\/p>\n","protected":false},"author":1,"featured_media":0,"parent":0,"menu_order":0,"comment_status":"closed","ping_status":"closed","template":"","meta":[],"_links":{"self":[{"href":"http:\/\/www.hesselstedt.se\/bok2014\/wp-json\/wp\/v2\/pages\/34"}],"collection":[{"href":"http:\/\/www.hesselstedt.se\/bok2014\/wp-json\/wp\/v2\/pages"}],"about":[{"href":"http:\/\/www.hesselstedt.se\/bok2014\/wp-json\/wp\/v2\/types\/page"}],"author":[{"embeddable":true,"href":"http:\/\/www.hesselstedt.se\/bok2014\/wp-json\/wp\/v2\/users\/1"}],"replies":[{"embeddable":true,"href":"http:\/\/www.hesselstedt.se\/bok2014\/wp-json\/wp\/v2\/comments?post=34"}],"version-history":[{"count":3,"href":"http:\/\/www.hesselstedt.se\/bok2014\/wp-json\/wp\/v2\/pages\/34\/revisions"}],"predecessor-version":[{"id":116,"href":"http:\/\/www.hesselstedt.se\/bok2014\/wp-json\/wp\/v2\/pages\/34\/revisions\/116"}],"wp:attachment":[{"href":"http:\/\/www.hesselstedt.se\/bok2014\/wp-json\/wp\/v2\/media?parent=34"}],"curies":[{"name":"wp","href":"https:\/\/api.w.org\/{rel}","templated":true}]}}