{"id":46,"date":"2014-11-06T13:52:42","date_gmt":"2014-11-06T13:52:42","guid":{"rendered":"http:\/\/www.hesselstedt.se\/bok2014\/?page_id=46"},"modified":"2014-11-07T12:33:40","modified_gmt":"2014-11-07T12:33:40","slug":"innehallsforteckning","status":"publish","type":"page","link":"http:\/\/www.hesselstedt.se\/bok2014\/innehallsforteckning\/","title":{"rendered":"Inneh\u00e5ll"},"content":{"rendered":"<p>En aning om vad boken inneh\u00e5ller f\u00e5r man genom inneh\u00e5llsf\u00f6rteckningen. Klicka \u00a0p\u00e5 denna l\u00e4nk. <a href=\"http:\/\/www.hesselstedt.se\/bok2014\/wp-content\/uploads\/2014\/11\/Inneh\u00e5ll.pdf\">Inneh\u00e5ll<\/a><\/p>\n","protected":false},"excerpt":{"rendered":"<p>En aning om vad boken inneh\u00e5ller f\u00e5r man genom inneh\u00e5llsf\u00f6rteckningen. Klicka \u00a0p\u00e5 denna l\u00e4nk. Inneh\u00e5ll<\/p>\n","protected":false},"author":1,"featured_media":0,"parent":0,"menu_order":0,"comment_status":"closed","ping_status":"closed","template":"","meta":[],"_links":{"self":[{"href":"http:\/\/www.hesselstedt.se\/bok2014\/wp-json\/wp\/v2\/pages\/46"}],"collection":[{"href":"http:\/\/www.hesselstedt.se\/bok2014\/wp-json\/wp\/v2\/pages"}],"about":[{"href":"http:\/\/www.hesselstedt.se\/bok2014\/wp-json\/wp\/v2\/types\/page"}],"author":[{"embeddable":true,"href":"http:\/\/www.hesselstedt.se\/bok2014\/wp-json\/wp\/v2\/users\/1"}],"replies":[{"embeddable":true,"href":"http:\/\/www.hesselstedt.se\/bok2014\/wp-json\/wp\/v2\/comments?post=46"}],"version-history":[{"count":4,"href":"http:\/\/www.hesselstedt.se\/bok2014\/wp-json\/wp\/v2\/pages\/46\/revisions"}],"predecessor-version":[{"id":57,"href":"http:\/\/www.hesselstedt.se\/bok2014\/wp-json\/wp\/v2\/pages\/46\/revisions\/57"}],"wp:attachment":[{"href":"http:\/\/www.hesselstedt.se\/bok2014\/wp-json\/wp\/v2\/media?parent=46"}],"curies":[{"name":"wp","href":"https:\/\/api.w.org\/{rel}","templated":true}]}}